{"id":10,"date":"2018-04-18T21:42:25","date_gmt":"2018-04-18T19:42:25","guid":{"rendered":"http:\/\/multimig.uw.edu.pl\/?page_id=10"},"modified":"2021-04-19T14:45:36","modified_gmt":"2021-04-19T12:45:36","slug":"wydarzenia","status":"publish","type":"page","link":"http:\/\/multimig.uw.edu.pl\/en\/wydarzenia\/","title":{"rendered":"Events"},"content":{"rendered":"17-18.09.2020 &#8211; presentation by Justyna Salamo\u0144ska at the Centre of Migration Research Annual Meeting (online). Title of the presentation: &#8216;COVID-19 i badania migracyjne &#8211; wyzwania i mo\u017cliwo\u015bci&#8217;.<\/p>\n<p>6-7.02.2020 &#8211; presentation by Aleksandra Winiarska,\u00a0 Justyna Salamo\u0144ska, Marta Kluszczy\u0144ska at IMISCOE Spring Conference: Moving, living, investing and surviving: housing and migrations in uncertain times. Title of the presentation: &#8216;Notions of home and home-making in the narratives of \u2018multiple\u2019 migrants&#8217;.<\/p>\n<p style=\"text-align: justify\">11-13.09.2019 \u2013 session \u2018Trwa\u0142o\u015b\u0107 i p\u0142ynno\u015b\u0107 migracji mi\u0119dzynarodowych \u2013 cyrkulacja, osiedlanie, integracja migrant\u00f3w\u2019 \/ \u2018Durability and liquidity of International migration \u2013 circulation, settlement, integration of migrants\u2019 chaired by Katarzyna Andrejuk, Macina Go\u0144da and Aleksandra Winiarska during the XVII Polish Sociological Congress \u2018Me, us, them? Subjectivity, identity, belonging\u2019 in Wroc\u0142aw.<\/p>\n<p style=\"text-align: justify\">13.09.2019 \u2013 presentation by Olga Czeranowska during the XVII Polish Sociological Congress \u2018Me, us, them? Subjectivity, identity, belonging\u2019 in Wroc\u0142aw. Title of the presentation: \u2018Biografie zawodowe polskich migrantek wielokrotnych\u2019.<\/p>\n<p style=\"text-align: justify\">12.09.2019 \u2013 presentation by Marta Kluszczy\u0144ska and Adrianna Drozdowska during the XVII Polish Sociological Congress \u2018Me, us, them? Subjectivity, identity, belonging\u2019 in Wroc\u0142aw. Title of the presentation: \u2018Wywiady jako\u015bciowe przeprowadzane przez Internet: korzy\u015bci i wyzwania, kt\u00f3re stoj\u0105 przed badaczami i badaczkami\u2019.<\/p>\n<p style=\"text-align: justify\">28.06.2019 \u2013 presentation by Aleksandra Winiarska and Adrianna Drozdowska during the conference \u2018Understanding international migration in the 21st century: conceptual and methodological aprroaches\u2019 (IMISCOE Annual Conference) in Malmo. Title of the presentation: \u2018Researching multiple migration \u2013 methodological challenges\u2019.<\/p>\n<p style=\"text-align: justify\">27.06.2019 \u2013 presentation by Agata G\u00f3rny and Justyna Salamo\u0144ska during the conference \u2018Understanding international migration in the 21st century: conceptual and methodological aprroaches\u2019 (IMISCOE Annual Conference) in Malmo. Title of the presentation: \u2018How to research quantitatively multiple migrations? Assessment of the Web-based Respondent-Driven Sampling\u2019.<\/p>\n<p style=\"text-align: justify\">29.04.2019 \u2013 presentation by Aleksandra Winiarska and Justyna Salamo\u0144ska during the conference \u2018Mobilities and Transnationalism in the 21st Century\u2019 in Reykjavik. Title of the presentation: \u2019Multiple moves and multiple places \u2013transnational experiences of Polish migrants worldwide\u2019.<\/p>\n<p style=\"text-align: justify\">25.10.2018 \u2013 presentation by Olga Czeranowska during the conference \u2018Social boundaries of work: Work, knowledge and power in contemporary capitalism\u2019 in Gda\u0144sk. Title of the presentation: \u2018Knowledge, education and occupational mobility in migration trajectories\u2019.<\/p>\n<p style=\"text-align: justify\">04.10.2018 \u2013 presentation by Agata G\u00f3rny and Justyna Salamo\u0144ska during the conference \u2018Potentials and Limits of Quantitative Research in the Social Sciences\u2019 (III Midterm Conference of the ESA RN 21) w Krakowie. Title of the presentation: \u2019Reaching Hard-to-Reach Populations: Web-based respondent driven sampling survey of Polish multiple migrants worldwide\u2019.<\/p>\n<p style=\"text-align: justify\">04.03.2018 \u2013 session \u2018Surveying Migrant Populations using Respondent Driven Sampling \u2013 face-to-face and web-based approaches\u2019 by Agata G\u00f3rny and Justyna Salamo\u0144ska during 1st ETHMIGSURVEYDATA network Training School.<\/p>\n<p style=\"text-align: justify\">11.01.2018 \u2013 joint seminar of Qualitative Methods Team (Centre of Migration Research) and project \u2018In search of a theory of multiple migration. A quantitative and qualitative study of Polish migrants after 1989\u2019: \u2018Digital footprint as a source of data on geographical mobility\u2019 with presentation by Dominik Batorski (Interdisciplinary Centre for Mathematical and Computational Modeling, University of Warsaw)<\/p>\n<p style=\"text-align: justify\">28.10.2017 \u2013 presentation by Justyna Salamo\u0144ska and Olga Czeanowska during the conference \u2018Social boundaries of work. Methodological and Practical Problems of Research on Work and Employment in Modern Societies\u2019 (Katowice). Title of the presentation: &#8216;Researching boundaryless careers \u2013 web-based Respondent Driven Sampling survey of Polish multiple migrants\u2019<\/p>\n<p style=\"text-align: justify\">12.10.2017 \u2013 joint seminar of Qualitative Methods Team (Centre of Migration Research) and project \u2018In search of a theory of multiple migration. A quantitative and qualitative study of Polish migrants after 1989\u2019: \u2019Conducting a large-scale survey of Latvian emigrants and return migrants: a new methodological approach\u2019 with presentation by Inta\u00a0Mierina (Centre for Diaspora and Migration Research, University\u00a0of Latvia)\u00a0and methodological workshop.<\/p>\n<p style=\"text-align: justify\">10.05.2017 \u2013 joint seminar of Qualitative Methods Team (Centre of Migration Research) and project \u2018In search of a theory of multiple migration. A quantitative and qualitative study of Polish migrants after 1989\u2019: \u2018Sampling methodology\u2019 with presentation by Ewa Ja\u017awi\u0144ska (Centre of Migration Research) and Marta Kie\u0142kowska (Centre of Migration Research).<\/p>\n<p style=\"text-align: justify\">13.03.2017 \u2013 joint seminar of Qualitative Methods Team (Centre of Migration Research) and project \u2018In search of a theory of multiple migration. A quantitative and qualitative study of Polish migrants after 1989\u2019: \u2018Respondent Driven Sampling \u2013 methodological discussion\u2019 with introduction by Agata G\u00f3rny (Centre of Migration Research)<\/p>","protected":false},"excerpt":{"rendered":"<p>Sorry, this entry is only available in Polish.<\/p>\n","protected":false},"author":831,"featured_media":0,"parent":0,"menu_order":0,"comment_status":"closed","ping_status":"closed","template":"","meta":{"_links_to":"","_links_to_target":""},"acf":[],"_links":{"self":[{"href":"http:\/\/multimig.uw.edu.pl\/en\/wp-json\/wp\/v2\/pages\/10"}],"collection":[{"href":"http:\/\/multimig.uw.edu.pl\/en\/wp-json\/wp\/v2\/pages"}],"about":[{"href":"http:\/\/multimig.uw.edu.pl\/en\/wp-json\/wp\/v2\/types\/page"}],"author":[{"embeddable":true,"href":"http:\/\/multimig.uw.edu.pl\/en\/wp-json\/wp\/v2\/users\/831"}],"replies":[{"embeddable":true,"href":"http:\/\/multimig.uw.edu.pl\/en\/wp-json\/wp\/v2\/comments?post=10"}],"version-history":[{"count":15,"href":"http:\/\/multimig.uw.edu.pl\/en\/wp-json\/wp\/v2\/pages\/10\/revisions"}],"predecessor-version":[{"id":264,"href":"http:\/\/multimig.uw.edu.pl\/en\/wp-json\/wp\/v2\/pages\/10\/revisions\/264"}],"wp:attachment":[{"href":"http:\/\/multimig.uw.edu.pl\/en\/wp-json\/wp\/v2\/media?parent=10"}],"curies":[{"name":"wp","href":"https:\/\/api.w.org\/{rel}","templated":true}]}}