{"id":12,"date":"2018-04-18T21:43:01","date_gmt":"2018-04-18T19:43:01","guid":{"rendered":"http:\/\/multimig.uw.edu.pl\/?page_id=12"},"modified":"2021-04-19T14:49:12","modified_gmt":"2021-04-19T12:49:12","slug":"publikacje","status":"publish","type":"page","link":"http:\/\/multimig.uw.edu.pl\/en\/publikacje\/","title":{"rendered":"Publications"},"content":{"rendered":"<strong>Articles:<\/strong><\/p>\n<p style=\"text-align: left\"><span style=\"font-size: 12pt\">Salamo\u0144ska, J. &amp; <\/span>Winiarska, A. (2021). <a href=\"https:\/\/vpn.uw.edu.pl\/socialinclusion\/article\/view\/3677\/,DanaInfo=www.cogitatiopress.com,SSL+3677\">New Horizons? Comparisons and Frames of Reference of Polish Multiple Migrants Worldwide<\/a>. Social Inclusion 9(1), 152-162. Doi: 10.17645\/si.v9i1.3677.<\/p>\n<p><span style=\"font-size: 12pt\">Jancewicz, B. &amp; Salamo\u0144ska, J. (2020). <a href=\"https:\/\/vpn.uw.edu.pl\/Studia-Migracyjne\/2020\/2(176)\/art\/17308\/,DanaInfo=www.ejournals.eu,SSL+\">Migracje wielokrotne w Europie: polscy migranci w Wielkiej Brytanii, Holandii, Irlandii i Niemczech<\/a>. Studia Migracyjne &#8211; Przegl\u0105d Polonijny 2(176), 7-29. Doi: 10.4467\/25444972SMPP.20.009.12325.<\/span><\/p>\n<p>Salamo\u0144ska, J., &amp; Czeranowska, O. (2019). Janus-faced mobilities: motivations for migration among European youth in times of crisis. Journal of Youth Studies, 1-17. Doi: 10.1080\/13676261.2019.1569215.<\/p>\n<p>Kaczmarczyk, P., &amp; Salamo\u0144ska, J. (2018) Why we still need ethnosurveys in migration research: Empirical evidence from Poland. Journal of Mixed Methods Research 12.4, 458-476. Doi: 10.1177\/1558689818796370.<\/p>\n<p>&nbsp;<\/p>\n<p>&nbsp;<\/p>\n<p><span style=\"font-size: 12pt\"><strong>Working papers:<\/strong><\/span><\/p>\n<p><span style=\"font-size: 12pt\">Olga Czeranowska (2019). <a href=\"http:\/\/www.migracje.uw.edu.pl\/publikacje\/raport-z-badania-ilosciowego-polskich-migrantow-wielokrotnych\/\">Raport z badania ilo\u015bciowego polskich migrant\u00f3w wielokrotnych<\/a>. \u00a0CMR Working Papers 116(174).<\/span><\/p>\n<p><span style=\"font-size: 12pt\">Justyna Salamo\u0144ska, Olga Czeranowska (2018).\u00a0 <a href=\"http:\/\/www.migracje.uw.edu.pl\/publikacje\/how-to-research-multiple-migrants-introducing-web-based-respondent-driven-sampling-survey-2\/\">How to Research Multiple Migrants? Introducing Web-based Respondent-Driven Sampling Survey<\/a>. CMR Working Papers 110(168).<\/span><\/p>\n<p><span style=\"font-size: 12pt\">Aleksandra Winiarska (2017). <a href=\"http:\/\/www.migracje.uw.edu.pl\/publikacje\/qualitative-longitudinal-research-application-potentials-and-challenges-in-the-context-of-migration-research-2\/\">Qualitative Longitudinal Research: application, potentials and challenges in the context of migration research<\/a>. CMR Working Papers 103(161).<\/span><\/p>\n<p><span style=\"font-size: 12pt\">Justyna Salamo\u0144ska (2017). <a href=\"http:\/\/www.migracje.uw.edu.pl\/publikacje\/multiple-migration-researching-the-multiple-temporalities-and-spatialities-of-migration-2\/\">Multiple migration \u2013 researching the multiple temporalities and spatialities of migration<\/a>. CMR Working Papers 102(160).<\/span><\/p>\n<p>&nbsp;<\/p>\n<p><span style=\"font-size: 12pt\"><strong>CMR Spotlight:<\/strong><\/span><\/p>\n<p>Salamo\u0144ska, J., G\u00f3rny, A., Toru\u0144czyk-Ruiz, S., Winiarska, A., Czeranowska, O., Drozdowska, A. &amp; Kluszczy\u0144ska, M (2019). <a href=\"http:\/\/www.migracje.uw.edu.pl\/wp-content\/uploads\/2019\/09\/spotlight_september-2019-v2-1.pdf\">Multiple homes? What do we learn from exploring a sense of home among Polish multiple migrants.<\/a> CMR Spotlight 7(13).","protected":false},"excerpt":{"rendered":"<p>Articles: Salamo\u0144ska, J. &amp; Winiarska, A. (2021). New Horizons? Comparisons and Frames of Reference of Polish Multiple Migrants Worldwide. Social Inclusion 9(1), 152-162. Doi: 10.17645\/si.v9i1.3677. Jancewicz, B. &amp; Salamo\u0144ska, J. (2020). Migracje wielokrotne w Europie: polscy migranci w Wielkiej Brytanii, Holandii, Irlandii i Niemczech. Studia Migracyjne &#8211; Przegl\u0105d Polonijny 2(176), 7-29. Doi: 10.4467\/25444972SMPP.20.009.12325. Salamo\u0144ska, J., &hellip; <\/p>\n<p class=\"link-more\"><a href=\"http:\/\/multimig.uw.edu.pl\/en\/publikacje\/\" class=\"more-link\">Continue reading<span class=\"screen-reader-text\"> &#8220;Publications&#8221;<\/span><\/a><\/p>\n","protected":false},"author":831,"featured_media":0,"parent":0,"menu_order":0,"comment_status":"closed","ping_status":"closed","template":"","meta":{"_links_to":"","_links_to_target":""},"acf":[],"_links":{"self":[{"href":"http:\/\/multimig.uw.edu.pl\/en\/wp-json\/wp\/v2\/pages\/12"}],"collection":[{"href":"http:\/\/multimig.uw.edu.pl\/en\/wp-json\/wp\/v2\/pages"}],"about":[{"href":"http:\/\/multimig.uw.edu.pl\/en\/wp-json\/wp\/v2\/types\/page"}],"author":[{"embeddable":true,"href":"http:\/\/multimig.uw.edu.pl\/en\/wp-json\/wp\/v2\/users\/831"}],"replies":[{"embeddable":true,"href":"http:\/\/multimig.uw.edu.pl\/en\/wp-json\/wp\/v2\/comments?post=12"}],"version-history":[{"count":11,"href":"http:\/\/multimig.uw.edu.pl\/en\/wp-json\/wp\/v2\/pages\/12\/revisions"}],"predecessor-version":[{"id":266,"href":"http:\/\/multimig.uw.edu.pl\/en\/wp-json\/wp\/v2\/pages\/12\/revisions\/266"}],"wp:attachment":[{"href":"http:\/\/multimig.uw.edu.pl\/en\/wp-json\/wp\/v2\/media?parent=12"}],"curies":[{"name":"wp","href":"https:\/\/api.w.org\/{rel}","templated":true}]}}